{"id":12,"date":"2020-02-10T12:00:07","date_gmt":"2020-02-10T12:00:07","guid":{"rendered":"http:\/\/dm-projektentwicklung.de\/?page_id=12"},"modified":"2021-02-08T14:29:10","modified_gmt":"2021-02-08T14:29:10","slug":"leistungen","status":"publish","type":"page","link":"https:\/\/dm-projektentwicklung.de\/?page_id=12","title":{"rendered":"Leistungen"},"content":{"rendered":"\n<ul><li><strong>Baudurchf\u00fchrung\/ Projektsteuerung inkl. Kostenkontrolle<\/strong><\/li><li><strong>Baurechtsschaffung<\/strong><\/li><li><strong>Budgeterstellung<\/strong><\/li><li><strong>Finanzierung<\/strong><\/li><li><strong>Gew\u00e4hrleistungsmanagement<\/strong><\/li><li><strong>Grundst\u00fccksakquisition<\/strong><\/li><li><strong>K\u00e4ufermanagement<\/strong><\/li><li><strong>Kaufm\u00e4nnische Verwaltung<\/strong><\/li><li><strong>Konzeptentwicklung und Planung<\/strong><\/li><li><strong>Objektbetreuung<\/strong><\/li><li><strong>Produktentwicklung<\/strong><\/li><li><strong>Projektcontrolling<\/strong><\/li><li><strong>Vertriebsma\u00dfnahmen<\/strong><\/li><li><strong>Vertriebsvorbereitung<\/strong><\/li><\/ul>\n\n\n\n<p>Diese Leistungen erbringen wir zum Teil auch f\u00fcr Dritte<\/p>\n","protected":false},"excerpt":{"rendered":"<p>Baudurchf\u00fchrung\/ Projektsteuerung inkl. Kostenkontrolle Baurechtsschaffung Budgeterstellung Finanzierung Gew\u00e4hrleistungsmanagement Grundst\u00fccksakquisition K\u00e4ufermanagement Kaufm\u00e4nnische Verwaltung Konzeptentwicklung und Planung Objektbetreuung Produktentwicklung Projektcontrolling Vertriebsma\u00dfnahmen Vertriebsvorbereitung Diese Leistungen erbringen wir zum Teil auch f\u00fcr Dritte<\/p>\n","protected":false},"author":1,"featured_media":0,"parent":0,"menu_order":0,"comment_status":"closed","ping_status":"closed","template":"","meta":[],"_links":{"self":[{"href":"https:\/\/dm-projektentwicklung.de\/index.php?rest_route=\/wp\/v2\/pages\/12"}],"collection":[{"href":"https:\/\/dm-projektentwicklung.de\/index.php?rest_route=\/wp\/v2\/pages"}],"about":[{"href":"https:\/\/dm-projektentwicklung.de\/index.php?rest_route=\/wp\/v2\/types\/page"}],"author":[{"embeddable":true,"href":"https:\/\/dm-projektentwicklung.de\/index.php?rest_route=\/wp\/v2\/users\/1"}],"replies":[{"embeddable":true,"href":"https:\/\/dm-projektentwicklung.de\/index.php?rest_route=%2Fwp%2Fv2%2Fcomments&post=12"}],"version-history":[{"count":3,"href":"https:\/\/dm-projektentwicklung.de\/index.php?rest_route=\/wp\/v2\/pages\/12\/revisions"}],"predecessor-version":[{"id":87,"href":"https:\/\/dm-projektentwicklung.de\/index.php?rest_route=\/wp\/v2\/pages\/12\/revisions\/87"}],"wp:attachment":[{"href":"https:\/\/dm-projektentwicklung.de\/index.php?rest_route=%2Fwp%2Fv2%2Fmedia&parent=12"}],"curies":[{"name":"wp","href":"https:\/\/api.w.org\/{rel}","templated":true}]}}