{"id":14,"date":"2020-02-10T12:00:33","date_gmt":"2020-02-10T12:00:33","guid":{"rendered":"http:\/\/dm-projektentwicklung.de\/?page_id=14"},"modified":"2021-02-10T11:46:37","modified_gmt":"2021-02-10T11:46:37","slug":"team","status":"publish","type":"page","link":"https:\/\/dm-projektentwicklung.de\/?page_id=14","title":{"rendered":"Team"},"content":{"rendered":"\n<p><strong>Ihr Ansprechpartner<\/strong><\/p>\n\n\n\n<figure class=\"wp-block-gallery alignleft columns-1 is-cropped\"><ul class=\"blocks-gallery-grid\"><li class=\"blocks-gallery-item\"><figure><img loading=\"lazy\" width=\"250\" height=\"275\" src=\"https:\/\/dm-projektentwicklung.de\/wp-content\/uploads\/2021\/02\/Danny_106_2017-1-2.jpg\" alt=\"\" data-id=\"158\" data-full-url=\"https:\/\/dm-projektentwicklung.de\/wp-content\/uploads\/2021\/02\/Danny_106_2017-1-2.jpg\" data-link=\"https:\/\/dm-projektentwicklung.de\/?attachment_id=158\" class=\"wp-image-158\"\/><\/figure><\/li><\/ul><\/figure>\n\n\n\n<p><strong>Danny Ralf Stepputis<\/strong><\/p>\n\n\n\n<p>Gesch\u00e4ftsf\u00fchrer <\/p>\n\n\n\n<p>DM Projektentwicklungs GmbH<\/p>\n\n\n\n<p><strong>T <\/strong>+ 49 40 5700655-0<\/p>\n\n\n\n<p><strong>E <\/strong>danny.stepputis@dm-projektentwicklung.de<\/p>\n\n\n\n<p><\/p>\n\n\n\n<p><\/p>\n\n\n\n<p><\/p>\n\n\n\n<p><strong>Ihr Ansprechpartner<\/strong><\/p>\n\n\n\n<figure class=\"wp-block-gallery alignleft columns-1 is-cropped\"><ul class=\"blocks-gallery-grid\"><li class=\"blocks-gallery-item\"><figure><img loading=\"lazy\" width=\"500\" height=\"476\" src=\"https:\/\/dm-projektentwicklung.de\/wp-content\/uploads\/2021\/02\/Martin_153_.jpg\" alt=\"\" data-id=\"159\" data-full-url=\"https:\/\/dm-projektentwicklung.de\/wp-content\/uploads\/2021\/02\/Martin_153_.jpg\" data-link=\"https:\/\/dm-projektentwicklung.de\/?attachment_id=159\" class=\"wp-image-159\" srcset=\"https:\/\/dm-projektentwicklung.de\/wp-content\/uploads\/2021\/02\/Martin_153_.jpg 500w, https:\/\/dm-projektentwicklung.de\/wp-content\/uploads\/2021\/02\/Martin_153_-300x286.jpg 300w\" sizes=\"(max-width: 500px) 100vw, 500px\" \/><\/figure><\/li><\/ul><\/figure>\n\n\n\n<p><strong>Martin J\u00e4ger<\/strong><\/p>\n\n\n\n<p>Gesch\u00e4ftsf\u00fchrer <\/p>\n\n\n\n<p>DM Projektentwicklungs GmbH<\/p>\n\n\n\n<p><strong>T <\/strong>+ 40 40 5700655-0<\/p>\n\n\n\n<p><strong>E <\/strong>martin.jaeger@dm-projektentwicklung.de<\/p>\n\n\n\n<p><\/p>\n\n\n\n<p><\/p>\n\n\n\n<p><strong>Ihr Ansprechpartner<\/strong><\/p>\n\n\n\n<figure class=\"wp-block-gallery alignleft columns-1 is-cropped\"><ul class=\"blocks-gallery-grid\"><li class=\"blocks-gallery-item\"><figure><img loading=\"lazy\" width=\"873\" height=\"840\" src=\"https:\/\/dm-projektentwicklung.de\/wp-content\/uploads\/2021\/02\/marta3.jpg\" alt=\"\" data-id=\"162\" data-full-url=\"https:\/\/dm-projektentwicklung.de\/wp-content\/uploads\/2021\/02\/marta3.jpg\" data-link=\"https:\/\/dm-projektentwicklung.de\/?attachment_id=162\" class=\"wp-image-162\" srcset=\"https:\/\/dm-projektentwicklung.de\/wp-content\/uploads\/2021\/02\/marta3.jpg 873w, https:\/\/dm-projektentwicklung.de\/wp-content\/uploads\/2021\/02\/marta3-300x289.jpg 300w, https:\/\/dm-projektentwicklung.de\/wp-content\/uploads\/2021\/02\/marta3-768x739.jpg 768w\" sizes=\"(max-width: 767px) 89vw, (max-width: 1000px) 54vw, (max-width: 1071px) 543px, 580px\" \/><\/figure><\/li><\/ul><\/figure>\n\n\n\n<p><strong>Marta Tomczuk<\/strong><\/p>\n\n\n\n<p>Immobilien Vertrieb<\/p>\n\n\n\n<p>DM Projektentwicklungs GmbH<\/p>\n\n\n\n<p>T +49 40 5700655-0<\/p>\n\n\n\n<p><strong>E <\/strong>marta.Tomczuk@dm-projektentwicklung.de<\/p>\n","protected":false},"excerpt":{"rendered":"<p>Ihr Ansprechpartner Danny Ralf Stepputis Gesch\u00e4ftsf\u00fchrer DM Projektentwicklungs GmbH T + 49 40 5700655-0 E danny.stepputis@dm-projektentwicklung.de Ihr Ansprechpartner Martin J\u00e4ger Gesch\u00e4ftsf\u00fchrer DM Projektentwicklungs GmbH T + 40 40 5700655-0 E martin.jaeger@dm-projektentwicklung.de Ihr Ansprechpartner Marta Tomczuk Immobilien Vertrieb DM Projektentwicklungs GmbH T +49 40 5700655-0 E marta.Tomczuk@dm-projektentwicklung.de<\/p>\n","protected":false},"author":1,"featured_media":0,"parent":0,"menu_order":0,"comment_status":"closed","ping_status":"closed","template":"","meta":[],"_links":{"self":[{"href":"https:\/\/dm-projektentwicklung.de\/index.php?rest_route=\/wp\/v2\/pages\/14"}],"collection":[{"href":"https:\/\/dm-projektentwicklung.de\/index.php?rest_route=\/wp\/v2\/pages"}],"about":[{"href":"https:\/\/dm-projektentwicklung.de\/index.php?rest_route=\/wp\/v2\/types\/page"}],"author":[{"embeddable":true,"href":"https:\/\/dm-projektentwicklung.de\/index.php?rest_route=\/wp\/v2\/users\/1"}],"replies":[{"embeddable":true,"href":"https:\/\/dm-projektentwicklung.de\/index.php?rest_route=%2Fwp%2Fv2%2Fcomments&post=14"}],"version-history":[{"count":8,"href":"https:\/\/dm-projektentwicklung.de\/index.php?rest_route=\/wp\/v2\/pages\/14\/revisions"}],"predecessor-version":[{"id":165,"href":"https:\/\/dm-projektentwicklung.de\/index.php?rest_route=\/wp\/v2\/pages\/14\/revisions\/165"}],"wp:attachment":[{"href":"https:\/\/dm-projektentwicklung.de\/index.php?rest_route=%2Fwp%2Fv2%2Fmedia&parent=14"}],"curies":[{"name":"wp","href":"https:\/\/api.w.org\/{rel}","templated":true}]}}