{"id":141,"date":"2021-02-09T13:10:17","date_gmt":"2021-02-09T13:10:17","guid":{"rendered":"https:\/\/dm-projektentwicklung.de\/?page_id=141"},"modified":"2021-02-09T14:42:12","modified_gmt":"2021-02-09T14:42:12","slug":"home","status":"publish","type":"page","link":"https:\/\/dm-projektentwicklung.de\/","title":{"rendered":"Home"},"content":{"rendered":"\n<p>Ob Wohnbau oder Gewerbe, Neubau oder Revitalisierung, Einzelobjekt oder Quartiersentwicklung: Die DM ist im gesamten immobilienwirtschaftlichen Zyklus t\u00e4tig.<\/p>\n\n\n\n<p>Wir finden das richtige Konzept sowie die passende Strategie und setzen Projekte Schritt f\u00fcr Schritt, Stein f\u00fcr Stein in die Tat um- planerisch und technisch, strategisch und kreativ, kaufm\u00e4nnisch sinnvoll.<\/p>\n","protected":false},"excerpt":{"rendered":"<p>Ob Wohnbau oder Gewerbe, Neubau oder Revitalisierung, Einzelobjekt oder Quartiersentwicklung: Die DM ist im gesamten immobilienwirtschaftlichen Zyklus t\u00e4tig. Wir finden das richtige Konzept sowie die passende Strategie und setzen Projekte Schritt f\u00fcr Schritt, Stein f\u00fcr Stein in die Tat um- planerisch und technisch, strategisch und kreativ, kaufm\u00e4nnisch sinnvoll.<\/p>\n","protected":false},"author":1,"featured_media":0,"parent":0,"menu_order":0,"comment_status":"closed","ping_status":"closed","template":"template-homepage.php","meta":[],"_links":{"self":[{"href":"https:\/\/dm-projektentwicklung.de\/index.php?rest_route=\/wp\/v2\/pages\/141"}],"collection":[{"href":"https:\/\/dm-projektentwicklung.de\/index.php?rest_route=\/wp\/v2\/pages"}],"about":[{"href":"https:\/\/dm-projektentwicklung.de\/index.php?rest_route=\/wp\/v2\/types\/page"}],"author":[{"embeddable":true,"href":"https:\/\/dm-projektentwicklung.de\/index.php?rest_route=\/wp\/v2\/users\/1"}],"replies":[{"embeddable":true,"href":"https:\/\/dm-projektentwicklung.de\/index.php?rest_route=%2Fwp%2Fv2%2Fcomments&post=141"}],"version-history":[{"count":2,"href":"https:\/\/dm-projektentwicklung.de\/index.php?rest_route=\/wp\/v2\/pages\/141\/revisions"}],"predecessor-version":[{"id":146,"href":"https:\/\/dm-projektentwicklung.de\/index.php?rest_route=\/wp\/v2\/pages\/141\/revisions\/146"}],"wp:attachment":[{"href":"https:\/\/dm-projektentwicklung.de\/index.php?rest_route=%2Fwp%2Fv2%2Fmedia&parent=141"}],"curies":[{"name":"wp","href":"https:\/\/api.w.org\/{rel}","templated":true}]}}