{"id":68,"date":"2020-02-12T15:05:46","date_gmt":"2020-02-12T15:05:46","guid":{"rendered":"https:\/\/dm-projektentwicklung.de\/?page_id=68"},"modified":"2020-02-12T15:05:46","modified_gmt":"2020-02-12T15:05:46","slug":"impressum","status":"publish","type":"page","link":"https:\/\/dm-projektentwicklung.de\/?page_id=68","title":{"rendered":"IMPRESSUM"},"content":{"rendered":"\n<div class=\"wp-block-group\"><div class=\"wp-block-group__inner-container\">\n<pre>DM Projektentwicklungs GmbH      Tel: 040-5700655-0<br \/>Am Sandtorkai 58                 Fax: 040-5700655-11<br \/>20457 Hamburg                    Email: info@dm-projektentwicklung.de<br \/>                                 Web: https:\/\/dm-projektentwicklung.de<br \/><br \/>USt-IdNr.: DE318887434<br \/>Registergericht: Amtsgericht Hamburg<br \/>Registernummer: HRB 152579<br \/><br \/>Gesch\u00e4ftsf\u00fchrung: Danny Stepputis, Martin J\u00e4ger<\/pre>\n<\/div><\/div>\n\n\n\n<h2>Haftungsausschluss<\/h2>\n\n\n\n<p><strong>Haftung f\u00fcr Inhalte<\/strong><\/p>\n\n\n\n<p>Die Informationen dieser Internetseite wurden mit gr\u00f6\u00dfter Sorgfalt erstellt und dienen lediglich dem Zweck, das Unternehmen DM Projektentwicklungs GmbH (nachstehend \u201eUnternehmen\u201c genannt) sowie seine Produkte und Dienstleistungen zu pr\u00e4sentieren. F\u00fcr die Richtigkeit, Vollst\u00e4ndigkeit und Aktualit\u00e4t der Inhalte kann das Unternehmen jedoch keine Gew\u00e4hr \u00fcbernehmen. Gem\u00e4\u00df \u00a7 7 Abs.1 TMG ist das Unternehmen f\u00fcr die eigenen Inhalte auf diesen Seiten nach den allgemeinen Gesetzen verantwortlich. Nach \u00a7 8 bis 10 TMG ist das Unternehmen jedoch nicht verpflichtet, \u00fcbermittelte oder gespeicherte fremde Informationen zu \u00fcberwachen oder nach Umst\u00e4nden zu forschen, die auf eine rechtswidrige T\u00e4tigkeit hinweisen. Verpflichtungen zur Entfernung oder Sperrung der Nutzung von Informationen nach den allgemeinen Gesetzen bleiben hiervon unber\u00fchrt.<\/p>\n\n\n\n<p><strong>Haftung f\u00fcr Links<\/strong><\/p>\n\n\n\n<p>Diese Internetseite enth\u00e4lt Links zu externen Webseiten Dritter, auf deren Inhalte das Unternehmen keinen Einfluss hat, weshalb f\u00fcr diese fremden Inhalte auch keine Gew\u00e4hr \u00fcbernommen werden kann. F\u00fcr die Inhalte der verlinkten Seiten ist stets der jeweilige Anbieter oder Betreiber der Seiten verantwortlich. Die verlinkten Seiten wurden zum Zeitpunkt der Verlinkung auf m\u00f6gliche Rechtsverst\u00f6\u00dfe \u00fcberpr\u00fcft. Rechtswidrige Inhalte waren zum Zeitpunkt der Verlinkung nicht erkennbar. Eine permanente inhaltliche Kontrolle der verlinkten Seiten ist jedoch ohne konkrete Anhaltspunkte einer Rechtsverletzung nicht zumutbar. Bei Bekanntwerden von Rechtsverletzungen wird das Unternehmen derartige Links umgehend entfernen.<\/p>\n\n\n\n<p><strong>Urheberrecht<\/strong><\/p>\n\n\n\n<p>Die durch die Seitenbetreiber erstellten Inhalte und Werke auf diesen Seiten unterliegen dem deutschen Urheberrecht. Die Vervielf\u00e4ltigung, Bearbeitung, Verbreitung und jede Art der Verwertung au\u00dferhalb der Grenzen des Urheberrechtes bed\u00fcrfen der schriftlichen Zustimmung des jeweiligen Autors bzw. Erstellers. Downloads und Kopien dieser Seite sind nur f\u00fcr den privaten, nicht kommerziellen Gebrauch gestattet. Soweit die Inhalte auf dieser Seite nicht vom Betreiber erstellt wurden, werden die Urheberrechte Dritter beachtet.<\/p>\n","protected":false},"excerpt":{"rendered":"<p>Haftungsausschluss Haftung f\u00fcr Inhalte Die Informationen dieser Internetseite wurden mit gr\u00f6\u00dfter Sorgfalt erstellt und dienen lediglich dem Zweck, das Unternehmen DM Projektentwicklungs GmbH (nachstehend \u201eUnternehmen\u201c genannt) sowie seine Produkte und Dienstleistungen zu pr\u00e4sentieren. F\u00fcr die Richtigkeit, Vollst\u00e4ndigkeit und Aktualit\u00e4t der Inhalte kann das Unternehmen jedoch keine Gew\u00e4hr \u00fcbernehmen. Gem\u00e4\u00df \u00a7 7 Abs.1 TMG ist das &hellip; <\/p>\n<p class=\"link-more\"><a href=\"https:\/\/dm-projektentwicklung.de\/?page_id=68\" class=\"more-link\"><span class=\"screen-reader-text\">\u201eIMPRESSUM\u201c<\/span> weiterlesen<\/a><\/p>\n","protected":false},"author":1,"featured_media":0,"parent":0,"menu_order":0,"comment_status":"closed","ping_status":"closed","template":"","meta":[],"_links":{"self":[{"href":"https:\/\/dm-projektentwicklung.de\/index.php?rest_route=\/wp\/v2\/pages\/68"}],"collection":[{"href":"https:\/\/dm-projektentwicklung.de\/index.php?rest_route=\/wp\/v2\/pages"}],"about":[{"href":"https:\/\/dm-projektentwicklung.de\/index.php?rest_route=\/wp\/v2\/types\/page"}],"author":[{"embeddable":true,"href":"https:\/\/dm-projektentwicklung.de\/index.php?rest_route=\/wp\/v2\/users\/1"}],"replies":[{"embeddable":true,"href":"https:\/\/dm-projektentwicklung.de\/index.php?rest_route=%2Fwp%2Fv2%2Fcomments&post=68"}],"version-history":[{"count":2,"href":"https:\/\/dm-projektentwicklung.de\/index.php?rest_route=\/wp\/v2\/pages\/68\/revisions"}],"predecessor-version":[{"id":70,"href":"https:\/\/dm-projektentwicklung.de\/index.php?rest_route=\/wp\/v2\/pages\/68\/revisions\/70"}],"wp:attachment":[{"href":"https:\/\/dm-projektentwicklung.de\/index.php?rest_route=%2Fwp%2Fv2%2Fmedia&parent=68"}],"curies":[{"name":"wp","href":"https:\/\/api.w.org\/{rel}","templated":true}]}}